{"id":839,"date":"2018-06-28T17:03:41","date_gmt":"2018-06-28T20:03:41","guid":{"rendered":"https:\/\/enscolon-ers.infd.edu.ar\/sitio\/historia\/"},"modified":"2025-03-27T18:58:34","modified_gmt":"2025-03-27T21:58:34","slug":"historia","status":"publish","type":"page","link":"https:\/\/enscolon-ers.infd.edu.ar\/sitio\/historia\/","title":{"rendered":"HISTORIA"},"content":{"rendered":"<p>Nuestra instituci\u00f3n tiene sus or\u00edgenes en el a\u00f1o 1943. Los alumnos que culminaban en el nivel primario en la ciudad de Col\u00f3n (Entre R\u00edos), deb\u00edan trasladarse en ese entonces a otras localidades, generalmente dentro de nuestra provincia, para proseguir sus estudios secundarios.<br \/>\nLas clases comenzaron en marzo de 1944, sirviendo como local de la instituci\u00f3n, el edificio que meses antes hab\u00eda contenido a su propietaria, la Biblioteca Popular \u201cFiat Lux\u201d, en calle 12 de Abril N\u00b0236 ocupando sus dependencias la parte administrativa y las aulas de la primitiva Escuela Superior N\u00b01 \u201cJuan Jos\u00e9 Paso\u201d de avenida Urquiza N\u00b0239.<br \/>\nEl profesor Enrique P. Simonini ejerci\u00f3 la direcci\u00f3n del \u201cIncorporado\u201d hasta su oficializaci\u00f3n.<\/p>\n<p><img decoding=\"async\" loading=\"lazy\" class=\"size-full wp-image-688 aligncenter\" src=\"https:\/\/enscolon-ers.infd.edu.ar\/sitio\/wp-content\/uploads\/2018\/06\/46_Resolucion_de_Escritorio_1.jpg\" alt=\"\" width=\"256\" height=\"171\" \/><\/p>\n<p><strong>EL COLEGIO NACIONAL.<\/strong><br \/>\nEl gobierno nacional mediante Decreto N\u00b024.632\/47 de fecha 19 de Agosto oficializa al incorporado colonense como \u201cColegio Nacional de Col\u00f3n (ER.)\u201d.<br \/>\nEl d\u00eda 6 de Octubre de 1947 se realiz\u00f3 el acto de oficializaci\u00f3n del Instituto de Ense\u00f1anza Secundaria en el patio del establecimiento.<br \/>\nEl establecimiento funcion\u00f3 con dos divisiones por cada curso del ciclo b\u00e1sico a medida que la matr\u00edcula lo requer\u00eda y una divisi\u00f3n de 4\u00b0 y 5\u00b0 a\u00f1o del bachillerato hasta 1959.<br \/>\nEs importante mencionar que en el patio del entonces \u201cincorporado\u201d se instal\u00f3 el m\u00e1stil que hoy permite que nuestra ense\u00f1a nacional flamee en cada jornada escolar.<\/p>\n<p><strong>LA ESCUELA NORMAL MIXTA.<\/strong><br \/>\nEn los \u00faltimos a\u00f1o de la d\u00e9cada de 1950 se fue gestando la idea de dotar a la ciudad de Col\u00f3n de un Ciclo del Magisterio con el prop\u00f3sito de brindar la posibilidad a todos aquellos j\u00f3venes de la zona que tuvieran vocaci\u00f3n por la docencia, contar con un Instituto de Formaci\u00f3n Docente.<br \/>\nEl 2 de Octubre de 1958 el Colegio recibe el nombre de \u201cRep\u00fablica Oriental del Uruguay\u201d.<br \/>\nLa ley N\u00b014.533\/58 cre\u00f3 el Ciclo del Magisterio con los cursos de 4\u00b0 y 5\u00b0 con una divisi\u00f3n cada una e inici\u00f3 sus actividades el 22 de Marzo de 1959 y por Decreto del Poder Ejecutivo Nacional N\u00b04152\/59, el Colegio Nacional de Col\u00f3n (E.R.) se transform\u00f3 en Escuela Normal Nacional Mixta.<\/p>\n<p><img decoding=\"async\" loading=\"lazy\" class=\"size-full wp-image-743 aligncenter\" src=\"https:\/\/enscolon-ers.infd.edu.ar\/sitio\/wp-content\/uploads\/2018\/06\/laboratorio_Resolucion_de_Escritorio.jpg\" alt=\"\" width=\"256\" height=\"171\" \/><\/p>\n<p style=\"text-align: center;\">Laboratorio; ayer hoy y siempre&#8230;<\/p>\n<p><strong>PERSONAL DIRECTIVO.<\/strong><br \/>\nEl 6 de Octubre de 1947 toma posici\u00f3n de su cargo el primer Rector, el profesor Santiago Mario Ram\u00f3n Aldao, quien permanecer\u00e1 como tal, hasta el 28 de Noviembre de 1948, siendo reemplazado provisoriamente por el profesor Celiar R. Cella hasta el 20 de Julio de 1949, fecha en que asume el nuevo Rector, Dr. Eduardo J. Vauthay quien conducir\u00e1 a la instituci\u00f3n hasta el 20 de Abril de 1953.<\/p>\n<p><strong>REFACCIONES DEL EDIFIO DE AV. URQUIZA N\u00b0239.<\/strong><br \/>\nEl paso del tiempo comenz\u00f3 a debilitar la estructura del viejo edificio donde hab\u00eda funcionado desde 1874 la primera Escuela fiscal de la ciudad.<br \/>\nEn el a\u00f1o 1966 la Direcci\u00f3n de Arquitectura de la Naci\u00f3n realiza tareas de mantenimiento y construcci\u00f3n de nuevas dependencias en el mismo que demand\u00f3 todo ese a\u00f1o de trabajo.<\/p>\n<p><img decoding=\"async\" loading=\"lazy\" class=\"size-full wp-image-727 aligncenter\" src=\"https:\/\/enscolon-ers.infd.edu.ar\/sitio\/wp-content\/uploads\/2018\/06\/deporte_Resolucion_de_Escritorio_1.jpg\" alt=\"\" width=\"256\" height=\"172\" \/><img decoding=\"async\" loading=\"lazy\" class=\"size-full wp-image-759 aligncenter\" src=\"https:\/\/enscolon-ers.infd.edu.ar\/sitio\/wp-content\/uploads\/2018\/06\/parque_Resolucion_de_Escritorio_1.jpg\" alt=\"\" width=\"256\" height=\"171\" \/><\/p>\n<p style=\"text-align: center;\">Como hoy&#8230;Las actividades de educaci\u00f3n f\u00edsica en el Parque Quir\u00f3s<\/p>\n<p><strong>LA ESCUELA CRECE.<\/strong><br \/>\nEl deseo de muchos adultos que por razones laborales no pod\u00edan asistir a los cursos de nivel medio diurno, oblig\u00f3 a pensar en nuestra comunidad educativa, en una nueva modalidad en el turno noche y as\u00ed surgi\u00f3 el Ciclo Comercial Nocturno, anexo a la Escuela Normal Nacional Mixta, creado el 28 de Septiembre de 1960 y el 10 de Abril del a\u00f1o siguiente inici\u00f3 sus clases.<\/p>\n<p>A partir del 2004 la Instituci\u00f3n ha tenido la siguiente oferta acad\u00e9mica:<\/p>\n<ul>\n<li>Profesorado para Educaci\u00f3n Inicial.<\/li>\n<li>Profesorado para primer y segundo ciclo de la EGB.<\/li>\n<li>Profesorado para Educaci\u00f3n inicial y primer y segundo ciclo EGB de ingl\u00e9s.<\/li>\n<li>Profesorado para 3\u00b0 ciclo de la EGB y de Educaci\u00f3n polimodal con acreditaci\u00f3n plena otorgada por la comisi\u00f3n de acreditaci\u00f3n del consejo federal de Educaci\u00f3n-Octubre de 2003-Profesorado de pedagog\u00eda.<\/li>\n<li>Tecnicatura- T\u00e9cnico Superior de Gesti\u00f3n de Empresa Hoteleras y Gastronomicas- Resoluci\u00f3n N\u00b01836\/04 del Consejo Federal de Educaci\u00f3n.<\/li>\n<li>T\u00e9cnico\u00a0 en Gesti\u00f3n Sociocultural.<\/li>\n<li>Profesorado de Educaci\u00f3n Especial.<\/li>\n<li>Profesorado en Lengua y Literatura.<\/li>\n<li>Profesorado de Ingl\u00e9s.<\/li>\n<li>Tecnicatura Superior en Turismo y Gesti\u00f3n de Servicios.<\/li>\n<li>Tecnicatura Superior en Dise\u00f1o Gr\u00e1fico y Publicitario.<\/li>\n<li>Tecnicatura Superior en Administraci\u00f3n P\u00fablica.<\/li>\n<li>Tecnicatura Superior en Conservaci\u00f3n, Uso y Gesti\u00f3n de bienes naturales comunales<\/li>\n<li>Profesorado de M\u00fasica con orientaci\u00f3n en educaci\u00f3n musical<\/li>\n<\/ul>\n","protected":false},"excerpt":{"rendered":"<p>Nuestra instituci\u00f3n tiene sus or\u00edgenes en el a\u00f1o 1943. Los alumnos que culminaban en el nivel primario en la ciudad de Col\u00f3n (Entre R\u00edos), deb\u00edan trasladarse en ese entonces a otras localidades, generalmente dentro de nuestra provincia, para proseguir sus estudios secundarios. Las clases comenzaron en marzo de 1944, sirviendo como local de la instituci\u00f3n, &#8230; <a title=\"HISTORIA\" class=\"read-more\" href=\"https:\/\/enscolon-ers.infd.edu.ar\/sitio\/historia\/\" aria-label=\"More on HISTORIA\">[+]<\/a><\/p>\n","protected":false},"author":157,"featured_media":0,"parent":0,"menu_order":0,"comment_status":"closed","ping_status":"closed","template":"","meta":[],"acf":[],"_links":{"self":[{"href":"https:\/\/enscolon-ers.infd.edu.ar\/sitio\/wp-json\/wp\/v2\/pages\/839"}],"collection":[{"href":"https:\/\/enscolon-ers.infd.edu.ar\/sitio\/wp-json\/wp\/v2\/pages"}],"about":[{"href":"https:\/\/enscolon-ers.infd.edu.ar\/sitio\/wp-json\/wp\/v2\/types\/page"}],"author":[{"embeddable":true,"href":"https:\/\/enscolon-ers.infd.edu.ar\/sitio\/wp-json\/wp\/v2\/users\/157"}],"replies":[{"embeddable":true,"href":"https:\/\/enscolon-ers.infd.edu.ar\/sitio\/wp-json\/wp\/v2\/comments?post=839"}],"version-history":[{"count":10,"href":"https:\/\/enscolon-ers.infd.edu.ar\/sitio\/wp-json\/wp\/v2\/pages\/839\/revisions"}],"predecessor-version":[{"id":1285,"href":"https:\/\/enscolon-ers.infd.edu.ar\/sitio\/wp-json\/wp\/v2\/pages\/839\/revisions\/1285"}],"wp:attachment":[{"href":"https:\/\/enscolon-ers.infd.edu.ar\/sitio\/wp-json\/wp\/v2\/media?parent=839"}],"curies":[{"name":"wp","href":"https:\/\/api.w.org\/{rel}","templated":true}]}}