{"id":318,"date":"2016-10-31T14:20:44","date_gmt":"2016-10-31T17:20:44","guid":{"rendered":"https:\/\/enscolon-ers.infd.edu.ar\/sitio\/?page_id=318"},"modified":"2023-10-12T21:50:00","modified_gmt":"2023-10-13T00:50:00","slug":"contacto","status":"publish","type":"page","link":"https:\/\/enscolon-ers.infd.edu.ar\/sitio\/contacto\/","title":{"rendered":"CONTACTO"},"content":{"rendered":"<p style=\"text-align: center;\"><strong>Por informes y consultas:<\/strong><\/p>\n<p style=\"text-align: center;\"><strong>Horario de Atenci\u00f3n:<\/strong> de 18:30 Hs. a 23:25 Hs. en ambos edificios<\/p>\n<p style=\"text-align: center;\"><em>Edificio de Urquiza 239 &#8211; Tel\u00e9fono: 03447-420424<\/em><\/p>\n<p style=\"text-align: center;\"><em>Edificio de Bol\u00edvar 828\u00a0<\/em><\/p>\n<p style=\"text-align: center;\"><em><strong>E-mail:<\/strong> contactoensrou@gmail.com<\/em><\/p>\n<p style=\"text-align: center;\"><em><strong>Sitio Web:<\/strong> https:\/\/enscolon-ers.infd.edu.ar\/<\/em><\/p>\n\n\n<p><\/p>\n","protected":false},"excerpt":{"rendered":"<p>Por informes y consultas: Horario de Atenci\u00f3n: de 18:30 Hs. a 23:25 Hs. en ambos edificios Edificio de Urquiza 239 &#8211; Tel\u00e9fono: 03447-420424 Edificio de Bol\u00edvar 828\u00a0 E-mail: contactoensrou@gmail.com Sitio Web: https:\/\/enscolon-ers.infd.edu.ar\/<\/p>\n","protected":false},"author":1,"featured_media":0,"parent":0,"menu_order":0,"comment_status":"closed","ping_status":"closed","template":"","meta":[],"acf":[],"_links":{"self":[{"href":"https:\/\/enscolon-ers.infd.edu.ar\/sitio\/wp-json\/wp\/v2\/pages\/318"}],"collection":[{"href":"https:\/\/enscolon-ers.infd.edu.ar\/sitio\/wp-json\/wp\/v2\/pages"}],"about":[{"href":"https:\/\/enscolon-ers.infd.edu.ar\/sitio\/wp-json\/wp\/v2\/types\/page"}],"author":[{"embeddable":true,"href":"https:\/\/enscolon-ers.infd.edu.ar\/sitio\/wp-json\/wp\/v2\/users\/1"}],"replies":[{"embeddable":true,"href":"https:\/\/enscolon-ers.infd.edu.ar\/sitio\/wp-json\/wp\/v2\/comments?post=318"}],"version-history":[{"count":12,"href":"https:\/\/enscolon-ers.infd.edu.ar\/sitio\/wp-json\/wp\/v2\/pages\/318\/revisions"}],"predecessor-version":[{"id":1243,"href":"https:\/\/enscolon-ers.infd.edu.ar\/sitio\/wp-json\/wp\/v2\/pages\/318\/revisions\/1243"}],"wp:attachment":[{"href":"https:\/\/enscolon-ers.infd.edu.ar\/sitio\/wp-json\/wp\/v2\/media?parent=318"}],"curies":[{"name":"wp","href":"https:\/\/api.w.org\/{rel}","templated":true}]}}