{"id":286,"date":"2020-03-03T18:55:59","date_gmt":"2020-03-03T21:55:59","guid":{"rendered":"https:\/\/enscolon-ers.infd.edu.ar\/sitio\/?page_id=286"},"modified":"2025-03-27T18:53:05","modified_gmt":"2025-03-27T21:53:05","slug":"inicio","status":"publish","type":"page","link":"https:\/\/enscolon-ers.infd.edu.ar\/sitio\/","title":{"rendered":"Inicio"},"content":{"rendered":"<p style=\"text-align: center;\"><span style=\"font-size: 12pt;\" data-mce-mark=\"1\"><strong>Escuela\u00a0 Normal Superior\u00a0<\/strong><\/span><\/p>\n<p style=\"text-align: center;\"><strong style=\"font-size: 12pt;\">\u00abRep\u00fablica Oriental del Uruguay\u00bb<\/strong><\/p>\n<p style=\"text-align: justify;\"><span style=\"font-size: 12pt;\" data-mce-mark=\"1\">Este Instituto Superior de Formaci\u00f3n Docente forma parte del sistema de educaci\u00f3n p\u00fablica de gesti\u00f3n estatal.<\/span><\/p>\n<p style=\"text-align: justify;\"><span style=\"font-size: 12pt;\" data-mce-mark=\"1\">A trav\u00e9s de este sitio en Internet, nuestro Instituto podr\u00e1 comunicar novedades, acercar informaci\u00f3n, compartir experiencias y brindar apoyo y asesoramiento a\u00a0alumnos, docentes e interesados en formar parte de esta comunidad educativa.<\/span><\/p>\n<p><span style=\"font-size: 12pt;\" data-mce-mark=\"1\">Junto con varios cientos de Institutos, integramos la\u00a0<strong><em>Red\u00a0Virtual de Institutos Superiores de Formaci\u00f3n Docente<\/em><\/strong>\u00a0coordinada por el\u00a0<strong>INFD<\/strong>\u00a0(Instituto Nacional de Formaci\u00f3n Docente) dependiente del Ministerio de Educaci\u00f3n de la Naci\u00f3n Argentina.<\/span> <\/p>\n<p><span style=\"font-size: 12pt;\" data-mce-mark=\"1\">Oferta acad\u00e9mica:<\/span><\/p>\n<ul>\n<li><span style=\"font-size: 12pt;\" data-mce-mark=\"1\">Profesorado de Educaci\u00f3n Primaria<\/span><\/li>\n<li><span style=\"font-size: 12pt;\" data-mce-mark=\"1\">Profesorado de Educaci\u00f3n Inicial<\/span><\/li>\n<li><span style=\"font-size: 12pt;\" data-mce-mark=\"1\">Profesorado de Lengua y Literatura<\/span><\/li>\n<li><span style=\"font-size: 12pt;\" data-mce-mark=\"1\">Profesorado de M\u00fasica con orientaci\u00f3n en educaci\u00f3n musical<\/span><\/li>\n<li><span style=\"font-size: 12pt;\" data-mce-mark=\"1\">Profesorado de Ingl\u00e9s<\/span><\/li>\n<li><span style=\"font-size: 12pt;\" data-mce-mark=\"1\">Tecnicatura en Turismo y Gesti\u00f3n de Servicios<\/span><\/li>\n<li>Tecnicatura Superior en Conservaci\u00f3n, uso y gesti\u00f3n de bienes naturales comunales.<\/li>\n<\/ul>\n<div><span style=\"font-size: 36pt;\" data-mce-mark=\"1\"><img decoding=\"async\" loading=\"lazy\" class=\"aligncenter\" style=\"font-size: 10px;\" title=\"Esquina izquierda\" src=\"https:\/\/enscolon-ers.infd.edu.ar\/sitio\/wp-content\/uploads\/2018\/06\/mapa.jpg\" alt=\"Esquina izquierda\" width=\"301\" height=\"409\" border=\"0\" \/> <\/span><\/p>\n<div>\u00a0<\/div>\n<\/div>\n","protected":false},"excerpt":{"rendered":"<p>Escuela\u00a0 Normal Superior\u00a0 \u00abRep\u00fablica Oriental del Uruguay\u00bb Este Instituto Superior de Formaci\u00f3n Docente forma parte del sistema de educaci\u00f3n p\u00fablica de gesti\u00f3n estatal. A trav\u00e9s de este sitio en Internet, nuestro Instituto podr\u00e1 comunicar novedades, acercar informaci\u00f3n, compartir experiencias y brindar apoyo y asesoramiento a\u00a0alumnos, docentes e interesados en formar parte de esta comunidad educativa. &#8230; <a title=\"Inicio\" class=\"read-more\" href=\"https:\/\/enscolon-ers.infd.edu.ar\/sitio\/\" aria-label=\"More on Inicio\">[+]<\/a><\/p>\n","protected":false},"author":1,"featured_media":0,"parent":799,"menu_order":0,"comment_status":"closed","ping_status":"closed","template":"","meta":[],"acf":[],"_links":{"self":[{"href":"https:\/\/enscolon-ers.infd.edu.ar\/sitio\/wp-json\/wp\/v2\/pages\/286"}],"collection":[{"href":"https:\/\/enscolon-ers.infd.edu.ar\/sitio\/wp-json\/wp\/v2\/pages"}],"about":[{"href":"https:\/\/enscolon-ers.infd.edu.ar\/sitio\/wp-json\/wp\/v2\/types\/page"}],"author":[{"embeddable":true,"href":"https:\/\/enscolon-ers.infd.edu.ar\/sitio\/wp-json\/wp\/v2\/users\/1"}],"replies":[{"embeddable":true,"href":"https:\/\/enscolon-ers.infd.edu.ar\/sitio\/wp-json\/wp\/v2\/comments?post=286"}],"version-history":[{"count":84,"href":"https:\/\/enscolon-ers.infd.edu.ar\/sitio\/wp-json\/wp\/v2\/pages\/286\/revisions"}],"predecessor-version":[{"id":1283,"href":"https:\/\/enscolon-ers.infd.edu.ar\/sitio\/wp-json\/wp\/v2\/pages\/286\/revisions\/1283"}],"up":[{"embeddable":true,"href":"https:\/\/enscolon-ers.infd.edu.ar\/sitio\/wp-json\/wp\/v2\/pages\/799"}],"wp:attachment":[{"href":"https:\/\/enscolon-ers.infd.edu.ar\/sitio\/wp-json\/wp\/v2\/media?parent=286"}],"curies":[{"name":"wp","href":"https:\/\/api.w.org\/{rel}","templated":true}]}}