{"id":1264,"date":"2023-11-29T12:05:32","date_gmt":"2023-11-29T15:05:32","guid":{"rendered":"https:\/\/enscolon-ers.infd.edu.ar\/sitio\/?page_id=1264"},"modified":"2023-11-29T12:05:34","modified_gmt":"2023-11-29T15:05:34","slug":"bitacora-de-territorio","status":"publish","type":"page","link":"https:\/\/enscolon-ers.infd.edu.ar\/sitio\/bitacora-de-territorio\/","title":{"rendered":"Bit\u00e1cora de Territorio"},"content":{"rendered":"\n<p>Aprendizajes\u201d surge como manera de socializar las experiencias de dos proyectos que desde el Instituto de formaci\u00f3n docente Escuela Normal Superior \u201cROU\u201d hemos desarrollado durante el 2023. \u201cHacia un trabajo en red\u201d y \u201cAula Escape\u201d enmarcados en las l\u00edneas de programas nacionales Fortalecimiento Institucional y Apoyo Pedag\u00f3gicas a Escuelas respectivamente.<\/p>\n\n\n\n<p>Socializar para compartir hac\u00eda dentro del instituto lo que nuestras estudiantes de Pr\u00e1cticas 3 y 4 realizan en las escuelas asociadas y tambi\u00e9n en las sedes barriales.<\/p>\n\n\n\n<p>Socializar tambi\u00e9n para compartir con la comunidad los recorridos de nuestras estudiantes, las formas y modos de relacionarse del instituto con el territorio, desde la pr\u00e1ctica, y ahora, con esta revista, desde la escritura de las experiencias.<\/p>\n\n\n\n<p>Las y los invitamos a leer los relatos de las estudiantes, y tambi\u00e9n a jugar un poco con algunos de los materiales did\u00e1cticos que las mismas han construido en el tr\u00e1nsito de su experiencia.<\/p>\n\n\n\n<p>Esta es una ventana que la escuela abre, para mostrar lo que ha aprendido, y tambi\u00e9n para invitar a que la vean, la interpelen y la nutran.<\/p>\n\n\n\n<p>Muchas gracias por leernos.<\/p>\n\n\n\n<p>Hacer clic sobre el nombre del archivo para ver el PDF: <a rel=\"noreferrer noopener\" href=\"https:\/\/drive.google.com\/file\/d\/1mWloknzBbbjm1MMVl7z3BxulLWycWiK1\/view?usp=drive_link\" target=\"_blank\">Bit\u00e1cora Territorial<\/a><\/p>\n\n\n\n<p><\/p>\n","protected":false},"excerpt":{"rendered":"<p>Aprendizajes\u201d surge como manera de socializar las experiencias de dos proyectos que desde el Instituto de formaci\u00f3n docente Escuela Normal Superior \u201cROU\u201d hemos desarrollado durante el 2023. \u201cHacia un trabajo en red\u201d y \u201cAula Escape\u201d enmarcados en las l\u00edneas de programas nacionales Fortalecimiento Institucional y Apoyo Pedag\u00f3gicas a Escuelas respectivamente. Socializar para compartir hac\u00eda dentro &#8230; <a title=\"Bit\u00e1cora de Territorio\" class=\"read-more\" href=\"https:\/\/enscolon-ers.infd.edu.ar\/sitio\/bitacora-de-territorio\/\" aria-label=\"More on Bit\u00e1cora de Territorio\">[+]<\/a><\/p>\n","protected":false},"author":18,"featured_media":0,"parent":0,"menu_order":0,"comment_status":"closed","ping_status":"closed","template":"","meta":[],"acf":[],"_links":{"self":[{"href":"https:\/\/enscolon-ers.infd.edu.ar\/sitio\/wp-json\/wp\/v2\/pages\/1264"}],"collection":[{"href":"https:\/\/enscolon-ers.infd.edu.ar\/sitio\/wp-json\/wp\/v2\/pages"}],"about":[{"href":"https:\/\/enscolon-ers.infd.edu.ar\/sitio\/wp-json\/wp\/v2\/types\/page"}],"author":[{"embeddable":true,"href":"https:\/\/enscolon-ers.infd.edu.ar\/sitio\/wp-json\/wp\/v2\/users\/18"}],"replies":[{"embeddable":true,"href":"https:\/\/enscolon-ers.infd.edu.ar\/sitio\/wp-json\/wp\/v2\/comments?post=1264"}],"version-history":[{"count":1,"href":"https:\/\/enscolon-ers.infd.edu.ar\/sitio\/wp-json\/wp\/v2\/pages\/1264\/revisions"}],"predecessor-version":[{"id":1265,"href":"https:\/\/enscolon-ers.infd.edu.ar\/sitio\/wp-json\/wp\/v2\/pages\/1264\/revisions\/1265"}],"wp:attachment":[{"href":"https:\/\/enscolon-ers.infd.edu.ar\/sitio\/wp-json\/wp\/v2\/media?parent=1264"}],"curies":[{"name":"wp","href":"https:\/\/api.w.org\/{rel}","templated":true}]}}