{"id":1224,"date":"2023-10-12T21:27:42","date_gmt":"2023-10-13T00:27:42","guid":{"rendered":"https:\/\/enscolon-ers.infd.edu.ar\/sitio\/?page_id=1224"},"modified":"2023-10-12T21:27:43","modified_gmt":"2023-10-13T00:27:43","slug":"conmemoracion-40-anos-de-democracia","status":"publish","type":"page","link":"https:\/\/enscolon-ers.infd.edu.ar\/sitio\/conmemoracion-40-anos-de-democracia\/","title":{"rendered":"Conmemoraci\u00f3n 40 a\u00f1os de democracia"},"content":{"rendered":"\n<p>El d\u00eda viernes 22 de septiembre se realiz\u00f3 la Jornada Nacional enmarcada en Conmemoraci\u00f3n a los 40 a\u00f1os de Democracia y festejamos el d\u00eda de los y las estudiantes. Gracias a docentes y estudiantes por acompa\u00f1ar la propuesta.<\/p>\n\n\n\n<p>A nuestra Coordinadora de Pol\u00edticas Estudiantiles Prof. Ma. Agustina Cejas por su compromiso y dedicaci\u00f3n, al Prof. H\u00e9ctor Mista, Prof. Ivana L\u00f3pez y al representante del INFOD que nos acompa\u00f1\u00f3 durante la actividad Prof. Iv\u00e1n Romero.<\/p>\n\n\n\n<figure class=\"wp-block-gallery has-nested-images columns-default is-cropped wp-block-gallery-1 is-layout-flex\">\n<figure class=\"wp-block-image size-large\"><img decoding=\"async\" loading=\"lazy\" width=\"960\" height=\"960\" data-id=\"1227\"  src=\"https:\/\/enscolon-ers.infd.edu.ar\/sitio\/wp-content\/uploads\/2023\/10\/1.jpg\" alt=\"\" class=\"wp-image-1227\" srcset=\"https:\/\/enscolon-ers.infd.edu.ar\/sitio\/wp-content\/uploads\/2023\/10\/1.jpg 960w, https:\/\/enscolon-ers.infd.edu.ar\/sitio\/wp-content\/uploads\/2023\/10\/1-500x500.jpg 500w, https:\/\/enscolon-ers.infd.edu.ar\/sitio\/wp-content\/uploads\/2023\/10\/1-768x768.jpg 768w\" sizes=\"(max-width: 960px) 100vw, 960px\" \/><\/figure>\n\n\n\n<figure class=\"wp-block-image size-large\"><img decoding=\"async\" loading=\"lazy\" width=\"899\" height=\"899\" data-id=\"1228\"  src=\"https:\/\/enscolon-ers.infd.edu.ar\/sitio\/wp-content\/uploads\/2023\/10\/2.jpg\" alt=\"\" class=\"wp-image-1228\" srcset=\"https:\/\/enscolon-ers.infd.edu.ar\/sitio\/wp-content\/uploads\/2023\/10\/2.jpg 899w, https:\/\/enscolon-ers.infd.edu.ar\/sitio\/wp-content\/uploads\/2023\/10\/2-500x500.jpg 500w, https:\/\/enscolon-ers.infd.edu.ar\/sitio\/wp-content\/uploads\/2023\/10\/2-768x768.jpg 768w\" sizes=\"(max-width: 899px) 100vw, 899px\" \/><\/figure>\n\n\n\n<figure class=\"wp-block-image size-large\"><img decoding=\"async\" loading=\"lazy\" width=\"1080\" height=\"1080\" data-id=\"1229\"  src=\"https:\/\/enscolon-ers.infd.edu.ar\/sitio\/wp-content\/uploads\/2023\/10\/3.jpg\" alt=\"\" class=\"wp-image-1229\" srcset=\"https:\/\/enscolon-ers.infd.edu.ar\/sitio\/wp-content\/uploads\/2023\/10\/3.jpg 1080w, https:\/\/enscolon-ers.infd.edu.ar\/sitio\/wp-content\/uploads\/2023\/10\/3-1000x1000.jpg 1000w, https:\/\/enscolon-ers.infd.edu.ar\/sitio\/wp-content\/uploads\/2023\/10\/3-500x500.jpg 500w, https:\/\/enscolon-ers.infd.edu.ar\/sitio\/wp-content\/uploads\/2023\/10\/3-768x768.jpg 768w\" sizes=\"(max-width: 1080px) 100vw, 1080px\" \/><\/figure>\n\n\n\n<figure class=\"wp-block-image size-large\"><img decoding=\"async\" loading=\"lazy\" width=\"1080\" height=\"1080\" data-id=\"1230\"  src=\"https:\/\/enscolon-ers.infd.edu.ar\/sitio\/wp-content\/uploads\/2023\/10\/4.jpg\" alt=\"\" class=\"wp-image-1230\" srcset=\"https:\/\/enscolon-ers.infd.edu.ar\/sitio\/wp-content\/uploads\/2023\/10\/4.jpg 1080w, https:\/\/enscolon-ers.infd.edu.ar\/sitio\/wp-content\/uploads\/2023\/10\/4-1000x1000.jpg 1000w, https:\/\/enscolon-ers.infd.edu.ar\/sitio\/wp-content\/uploads\/2023\/10\/4-500x500.jpg 500w, https:\/\/enscolon-ers.infd.edu.ar\/sitio\/wp-content\/uploads\/2023\/10\/4-768x768.jpg 768w\" sizes=\"(max-width: 1080px) 100vw, 1080px\" \/><\/figure>\n\n\n\n<figure class=\"wp-block-image size-large\"><img decoding=\"async\" loading=\"lazy\" width=\"1080\" height=\"1080\" data-id=\"1226\"  src=\"https:\/\/enscolon-ers.infd.edu.ar\/sitio\/wp-content\/uploads\/2023\/10\/5.jpg\" alt=\"\" class=\"wp-image-1226\" srcset=\"https:\/\/enscolon-ers.infd.edu.ar\/sitio\/wp-content\/uploads\/2023\/10\/5.jpg 1080w, https:\/\/enscolon-ers.infd.edu.ar\/sitio\/wp-content\/uploads\/2023\/10\/5-1000x1000.jpg 1000w, https:\/\/enscolon-ers.infd.edu.ar\/sitio\/wp-content\/uploads\/2023\/10\/5-500x500.jpg 500w, https:\/\/enscolon-ers.infd.edu.ar\/sitio\/wp-content\/uploads\/2023\/10\/5-768x768.jpg 768w\" sizes=\"(max-width: 1080px) 100vw, 1080px\" \/><\/figure>\n\n\n\n<figure class=\"wp-block-image size-large\"><img decoding=\"async\" loading=\"lazy\" width=\"1080\" height=\"1080\" data-id=\"1225\"  src=\"https:\/\/enscolon-ers.infd.edu.ar\/sitio\/wp-content\/uploads\/2023\/10\/6.jpg\" alt=\"\" class=\"wp-image-1225\" srcset=\"https:\/\/enscolon-ers.infd.edu.ar\/sitio\/wp-content\/uploads\/2023\/10\/6.jpg 1080w, https:\/\/enscolon-ers.infd.edu.ar\/sitio\/wp-content\/uploads\/2023\/10\/6-1000x1000.jpg 1000w, https:\/\/enscolon-ers.infd.edu.ar\/sitio\/wp-content\/uploads\/2023\/10\/6-500x500.jpg 500w, https:\/\/enscolon-ers.infd.edu.ar\/sitio\/wp-content\/uploads\/2023\/10\/6-768x768.jpg 768w\" sizes=\"(max-width: 1080px) 100vw, 1080px\" \/><\/figure>\n\n\n\n<figure class=\"wp-block-image size-large\"><img decoding=\"async\" loading=\"lazy\" width=\"1080\" height=\"1080\" data-id=\"1234\"  src=\"https:\/\/enscolon-ers.infd.edu.ar\/sitio\/wp-content\/uploads\/2023\/10\/7.jpg\" alt=\"\" class=\"wp-image-1234\" srcset=\"https:\/\/enscolon-ers.infd.edu.ar\/sitio\/wp-content\/uploads\/2023\/10\/7.jpg 1080w, https:\/\/enscolon-ers.infd.edu.ar\/sitio\/wp-content\/uploads\/2023\/10\/7-1000x1000.jpg 1000w, https:\/\/enscolon-ers.infd.edu.ar\/sitio\/wp-content\/uploads\/2023\/10\/7-500x500.jpg 500w, https:\/\/enscolon-ers.infd.edu.ar\/sitio\/wp-content\/uploads\/2023\/10\/7-768x768.jpg 768w\" sizes=\"(max-width: 1080px) 100vw, 1080px\" \/><\/figure>\n\n\n\n<figure class=\"wp-block-image size-large\"><img decoding=\"async\" loading=\"lazy\" width=\"1080\" height=\"1080\" data-id=\"1231\"  src=\"https:\/\/enscolon-ers.infd.edu.ar\/sitio\/wp-content\/uploads\/2023\/10\/8.jpg\" alt=\"\" class=\"wp-image-1231\" srcset=\"https:\/\/enscolon-ers.infd.edu.ar\/sitio\/wp-content\/uploads\/2023\/10\/8.jpg 1080w, https:\/\/enscolon-ers.infd.edu.ar\/sitio\/wp-content\/uploads\/2023\/10\/8-1000x1000.jpg 1000w, https:\/\/enscolon-ers.infd.edu.ar\/sitio\/wp-content\/uploads\/2023\/10\/8-500x500.jpg 500w, https:\/\/enscolon-ers.infd.edu.ar\/sitio\/wp-content\/uploads\/2023\/10\/8-768x768.jpg 768w\" sizes=\"(max-width: 1080px) 100vw, 1080px\" \/><\/figure>\n\n\n\n<figure class=\"wp-block-image size-large\"><img decoding=\"async\" loading=\"lazy\" width=\"720\" height=\"720\" data-id=\"1233\"  src=\"https:\/\/enscolon-ers.infd.edu.ar\/sitio\/wp-content\/uploads\/2023\/10\/9.jpg\" alt=\"\" class=\"wp-image-1233\" srcset=\"https:\/\/enscolon-ers.infd.edu.ar\/sitio\/wp-content\/uploads\/2023\/10\/9.jpg 720w, https:\/\/enscolon-ers.infd.edu.ar\/sitio\/wp-content\/uploads\/2023\/10\/9-500x500.jpg 500w\" sizes=\"(max-width: 720px) 100vw, 720px\" \/><\/figure>\n\n\n\n<figure class=\"wp-block-image size-large\"><img decoding=\"async\" loading=\"lazy\" width=\"1080\" height=\"1080\" data-id=\"1232\"  src=\"https:\/\/enscolon-ers.infd.edu.ar\/sitio\/wp-content\/uploads\/2023\/10\/10.jpg\" alt=\"\" class=\"wp-image-1232\" srcset=\"https:\/\/enscolon-ers.infd.edu.ar\/sitio\/wp-content\/uploads\/2023\/10\/10.jpg 1080w, https:\/\/enscolon-ers.infd.edu.ar\/sitio\/wp-content\/uploads\/2023\/10\/10-1000x1000.jpg 1000w, https:\/\/enscolon-ers.infd.edu.ar\/sitio\/wp-content\/uploads\/2023\/10\/10-500x500.jpg 500w, https:\/\/enscolon-ers.infd.edu.ar\/sitio\/wp-content\/uploads\/2023\/10\/10-768x768.jpg 768w\" sizes=\"(max-width: 1080px) 100vw, 1080px\" \/><\/figure>\n<\/figure>\n","protected":false},"excerpt":{"rendered":"<p>El d\u00eda viernes 22 de septiembre se realiz\u00f3 la Jornada Nacional enmarcada en Conmemoraci\u00f3n a los 40 a\u00f1os de Democracia y festejamos el d\u00eda de los y las estudiantes. Gracias a docentes y estudiantes por acompa\u00f1ar la propuesta. A nuestra Coordinadora de Pol\u00edticas Estudiantiles Prof. Ma. Agustina Cejas por su compromiso y dedicaci\u00f3n, al Prof. &#8230; <a title=\"Conmemoraci\u00f3n 40 a\u00f1os de democracia\" class=\"read-more\" href=\"https:\/\/enscolon-ers.infd.edu.ar\/sitio\/conmemoracion-40-anos-de-democracia\/\" aria-label=\"More on Conmemoraci\u00f3n 40 a\u00f1os de democracia\">[+]<\/a><\/p>\n","protected":false},"author":18,"featured_media":0,"parent":0,"menu_order":0,"comment_status":"closed","ping_status":"closed","template":"","meta":[],"acf":[],"_links":{"self":[{"href":"https:\/\/enscolon-ers.infd.edu.ar\/sitio\/wp-json\/wp\/v2\/pages\/1224"}],"collection":[{"href":"https:\/\/enscolon-ers.infd.edu.ar\/sitio\/wp-json\/wp\/v2\/pages"}],"about":[{"href":"https:\/\/enscolon-ers.infd.edu.ar\/sitio\/wp-json\/wp\/v2\/types\/page"}],"author":[{"embeddable":true,"href":"https:\/\/enscolon-ers.infd.edu.ar\/sitio\/wp-json\/wp\/v2\/users\/18"}],"replies":[{"embeddable":true,"href":"https:\/\/enscolon-ers.infd.edu.ar\/sitio\/wp-json\/wp\/v2\/comments?post=1224"}],"version-history":[{"count":1,"href":"https:\/\/enscolon-ers.infd.edu.ar\/sitio\/wp-json\/wp\/v2\/pages\/1224\/revisions"}],"predecessor-version":[{"id":1235,"href":"https:\/\/enscolon-ers.infd.edu.ar\/sitio\/wp-json\/wp\/v2\/pages\/1224\/revisions\/1235"}],"wp:attachment":[{"href":"https:\/\/enscolon-ers.infd.edu.ar\/sitio\/wp-json\/wp\/v2\/media?parent=1224"}],"curies":[{"name":"wp","href":"https:\/\/api.w.org\/{rel}","templated":true}]}}