{"id":1192,"date":"2023-10-10T20:22:28","date_gmt":"2023-10-10T23:22:28","guid":{"rendered":"https:\/\/enscolon-ers.infd.edu.ar\/sitio\/?page_id=1192"},"modified":"2023-10-11T19:52:05","modified_gmt":"2023-10-11T22:52:05","slug":"edicion-2023","status":"publish","type":"page","link":"https:\/\/enscolon-ers.infd.edu.ar\/sitio\/edicion-2023\/","title":{"rendered":"Edici\u00f3n 2023"},"content":{"rendered":"\n<p>Con un gran marco de p\u00fablico se llev\u00f3 adelante la Edici\u00f3n 2023 de Estatuas en Movimiento.<\/p>\n\n\n\n<p>El equipo organizador quiere felicitar a los estudiantes del nivel superior de la Escuela Normal Rep\u00fablica Oriental del Uruguay quienes participaron creando verdaderas obras de arte con creatividad, ingenio, reutilizando materiales y transmitiendo valores con personajes que cautivaron a grandes y chicos.<\/p>\n\n\n\n<p>A docentes y estudiantes de la Tecnicatura en Turismo que gestionan recursos, <a><\/a>manejan redes y publicitaron el evento.<\/p>\n\n\n\n<p>A las autoridades de la Instituci\u00f3n que apoyan y conf\u00edan en el proyecto.<\/p>\n\n\n\n<p>A la Secretar\u00eda de Turismo y cultura del Municipio de Col\u00f3n, a la Direcci\u00f3n de Tr\u00e1nsito por colaborar con el corte de calles y cuidar de la seguridad de las estatuas.<\/p>\n\n\n\n<p>A los comerciantes de calle 12 de abril quienes apoyaron la propuesta.<\/p>\n\n\n\n<p>A todos los que con su palabra de aliento valoraron el trabajo y dedicaci\u00f3n de los estudiantes.<\/p>\n\n\n\n<p>Al p\u00fablico en general que con su visita alienta el crecimiento de esta manifestaci\u00f3n art\u00edstica cultural.<\/p>\n\n\n\n<p>A todos simplemente Gracias&#8230;<\/p>\n\n\n\n<p>Equipo organizador.<\/p>\n\n\n\n<p>Para ver m\u00e1s fotos de esta edici\u00f3n y las anteriores pueden seguirnos en nuestra p\u00e1gina de Facebook \u00abEstatuas en Movimiento Col\u00f3n\u00bb<\/p>\n\n\n\n<figure class=\"wp-block-gallery has-nested-images columns-default is-cropped wp-block-gallery-1 is-layout-flex\">\n<figure class=\"wp-block-image size-large\"><img decoding=\"async\" loading=\"lazy\" width=\"1080\" height=\"1080\" data-id=\"1218\"  src=\"https:\/\/enscolon-ers.infd.edu.ar\/sitio\/wp-content\/uploads\/2023\/10\/WhatsApp-Image-2023-10-11-at-19.40.04.jpeg\" alt=\"\" class=\"wp-image-1218\" srcset=\"https:\/\/enscolon-ers.infd.edu.ar\/sitio\/wp-content\/uploads\/2023\/10\/WhatsApp-Image-2023-10-11-at-19.40.04.jpeg 1080w, https:\/\/enscolon-ers.infd.edu.ar\/sitio\/wp-content\/uploads\/2023\/10\/WhatsApp-Image-2023-10-11-at-19.40.04-1000x1000.jpeg 1000w, https:\/\/enscolon-ers.infd.edu.ar\/sitio\/wp-content\/uploads\/2023\/10\/WhatsApp-Image-2023-10-11-at-19.40.04-500x500.jpeg 500w, https:\/\/enscolon-ers.infd.edu.ar\/sitio\/wp-content\/uploads\/2023\/10\/WhatsApp-Image-2023-10-11-at-19.40.04-768x768.jpeg 768w\" sizes=\"(max-width: 1080px) 100vw, 1080px\" \/><\/figure>\n\n\n\n<figure class=\"wp-block-image size-large\"><img decoding=\"async\" loading=\"lazy\" width=\"1080\" height=\"1080\" data-id=\"1217\"  src=\"https:\/\/enscolon-ers.infd.edu.ar\/sitio\/wp-content\/uploads\/2023\/10\/WhatsApp-Image-2023-10-11-at-19.40.05.jpeg\" alt=\"\" class=\"wp-image-1217\" srcset=\"https:\/\/enscolon-ers.infd.edu.ar\/sitio\/wp-content\/uploads\/2023\/10\/WhatsApp-Image-2023-10-11-at-19.40.05.jpeg 1080w, https:\/\/enscolon-ers.infd.edu.ar\/sitio\/wp-content\/uploads\/2023\/10\/WhatsApp-Image-2023-10-11-at-19.40.05-1000x1000.jpeg 1000w, https:\/\/enscolon-ers.infd.edu.ar\/sitio\/wp-content\/uploads\/2023\/10\/WhatsApp-Image-2023-10-11-at-19.40.05-500x500.jpeg 500w, https:\/\/enscolon-ers.infd.edu.ar\/sitio\/wp-content\/uploads\/2023\/10\/WhatsApp-Image-2023-10-11-at-19.40.05-768x768.jpeg 768w\" sizes=\"(max-width: 1080px) 100vw, 1080px\" \/><\/figure>\n\n\n\n<figure class=\"wp-block-image size-large\"><img decoding=\"async\" loading=\"lazy\" width=\"1080\" height=\"1080\" data-id=\"1216\"  src=\"https:\/\/enscolon-ers.infd.edu.ar\/sitio\/wp-content\/uploads\/2023\/10\/WhatsApp-Image-2023-10-11-at-19.40.05-1.jpeg\" alt=\"\" class=\"wp-image-1216\" srcset=\"https:\/\/enscolon-ers.infd.edu.ar\/sitio\/wp-content\/uploads\/2023\/10\/WhatsApp-Image-2023-10-11-at-19.40.05-1.jpeg 1080w, https:\/\/enscolon-ers.infd.edu.ar\/sitio\/wp-content\/uploads\/2023\/10\/WhatsApp-Image-2023-10-11-at-19.40.05-1-1000x1000.jpeg 1000w, https:\/\/enscolon-ers.infd.edu.ar\/sitio\/wp-content\/uploads\/2023\/10\/WhatsApp-Image-2023-10-11-at-19.40.05-1-500x500.jpeg 500w, https:\/\/enscolon-ers.infd.edu.ar\/sitio\/wp-content\/uploads\/2023\/10\/WhatsApp-Image-2023-10-11-at-19.40.05-1-768x768.jpeg 768w\" sizes=\"(max-width: 1080px) 100vw, 1080px\" \/><\/figure>\n\n\n\n<figure class=\"wp-block-image size-large\"><img decoding=\"async\" loading=\"lazy\" width=\"1080\" height=\"1080\" data-id=\"1215\"  src=\"https:\/\/enscolon-ers.infd.edu.ar\/sitio\/wp-content\/uploads\/2023\/10\/WhatsApp-Image-2023-10-11-at-19.40.05-2.jpeg\" alt=\"\" class=\"wp-image-1215\" srcset=\"https:\/\/enscolon-ers.infd.edu.ar\/sitio\/wp-content\/uploads\/2023\/10\/WhatsApp-Image-2023-10-11-at-19.40.05-2.jpeg 1080w, https:\/\/enscolon-ers.infd.edu.ar\/sitio\/wp-content\/uploads\/2023\/10\/WhatsApp-Image-2023-10-11-at-19.40.05-2-1000x1000.jpeg 1000w, https:\/\/enscolon-ers.infd.edu.ar\/sitio\/wp-content\/uploads\/2023\/10\/WhatsApp-Image-2023-10-11-at-19.40.05-2-500x500.jpeg 500w, https:\/\/enscolon-ers.infd.edu.ar\/sitio\/wp-content\/uploads\/2023\/10\/WhatsApp-Image-2023-10-11-at-19.40.05-2-768x768.jpeg 768w\" sizes=\"(max-width: 1080px) 100vw, 1080px\" \/><\/figure>\n\n\n\n<figure class=\"wp-block-image size-large\"><img decoding=\"async\" loading=\"lazy\" width=\"1080\" height=\"1080\" data-id=\"1214\"  src=\"https:\/\/enscolon-ers.infd.edu.ar\/sitio\/wp-content\/uploads\/2023\/10\/WhatsApp-Image-2023-10-11-at-19.40.06.jpeg\" alt=\"\" class=\"wp-image-1214\" srcset=\"https:\/\/enscolon-ers.infd.edu.ar\/sitio\/wp-content\/uploads\/2023\/10\/WhatsApp-Image-2023-10-11-at-19.40.06.jpeg 1080w, https:\/\/enscolon-ers.infd.edu.ar\/sitio\/wp-content\/uploads\/2023\/10\/WhatsApp-Image-2023-10-11-at-19.40.06-1000x1000.jpeg 1000w, https:\/\/enscolon-ers.infd.edu.ar\/sitio\/wp-content\/uploads\/2023\/10\/WhatsApp-Image-2023-10-11-at-19.40.06-500x500.jpeg 500w, https:\/\/enscolon-ers.infd.edu.ar\/sitio\/wp-content\/uploads\/2023\/10\/WhatsApp-Image-2023-10-11-at-19.40.06-768x768.jpeg 768w\" sizes=\"(max-width: 1080px) 100vw, 1080px\" \/><\/figure>\n\n\n\n<figure class=\"wp-block-image size-large\"><img decoding=\"async\" loading=\"lazy\" width=\"1080\" height=\"1080\" data-id=\"1213\"  src=\"https:\/\/enscolon-ers.infd.edu.ar\/sitio\/wp-content\/uploads\/2023\/10\/WhatsApp-Image-2023-10-11-at-19.40.06-1.jpeg\" alt=\"\" class=\"wp-image-1213\" srcset=\"https:\/\/enscolon-ers.infd.edu.ar\/sitio\/wp-content\/uploads\/2023\/10\/WhatsApp-Image-2023-10-11-at-19.40.06-1.jpeg 1080w, https:\/\/enscolon-ers.infd.edu.ar\/sitio\/wp-content\/uploads\/2023\/10\/WhatsApp-Image-2023-10-11-at-19.40.06-1-1000x1000.jpeg 1000w, https:\/\/enscolon-ers.infd.edu.ar\/sitio\/wp-content\/uploads\/2023\/10\/WhatsApp-Image-2023-10-11-at-19.40.06-1-500x500.jpeg 500w, https:\/\/enscolon-ers.infd.edu.ar\/sitio\/wp-content\/uploads\/2023\/10\/WhatsApp-Image-2023-10-11-at-19.40.06-1-768x768.jpeg 768w\" sizes=\"(max-width: 1080px) 100vw, 1080px\" \/><\/figure>\n\n\n\n<figure class=\"wp-block-image size-large\"><img decoding=\"async\" loading=\"lazy\" width=\"1080\" height=\"1080\" data-id=\"1212\"  src=\"https:\/\/enscolon-ers.infd.edu.ar\/sitio\/wp-content\/uploads\/2023\/10\/WhatsApp-Image-2023-10-11-at-19.40.06-2.jpeg\" alt=\"Estatuas en movimiento 2023\" class=\"wp-image-1212\" srcset=\"https:\/\/enscolon-ers.infd.edu.ar\/sitio\/wp-content\/uploads\/2023\/10\/WhatsApp-Image-2023-10-11-at-19.40.06-2.jpeg 1080w, https:\/\/enscolon-ers.infd.edu.ar\/sitio\/wp-content\/uploads\/2023\/10\/WhatsApp-Image-2023-10-11-at-19.40.06-2-1000x1000.jpeg 1000w, https:\/\/enscolon-ers.infd.edu.ar\/sitio\/wp-content\/uploads\/2023\/10\/WhatsApp-Image-2023-10-11-at-19.40.06-2-500x500.jpeg 500w, https:\/\/enscolon-ers.infd.edu.ar\/sitio\/wp-content\/uploads\/2023\/10\/WhatsApp-Image-2023-10-11-at-19.40.06-2-768x768.jpeg 768w\" sizes=\"(max-width: 1080px) 100vw, 1080px\" \/><\/figure>\n<\/figure>\n","protected":false},"excerpt":{"rendered":"<p>Con un gran marco de p\u00fablico se llev\u00f3 adelante la Edici\u00f3n 2023 de Estatuas en Movimiento. El equipo organizador quiere felicitar a los estudiantes del nivel superior de la Escuela Normal Rep\u00fablica Oriental del Uruguay quienes participaron creando verdaderas obras de arte con creatividad, ingenio, reutilizando materiales y transmitiendo valores con personajes que cautivaron a &#8230; <a title=\"Edici\u00f3n 2023\" class=\"read-more\" href=\"https:\/\/enscolon-ers.infd.edu.ar\/sitio\/edicion-2023\/\" aria-label=\"More on Edici\u00f3n 2023\">[+]<\/a><\/p>\n","protected":false},"author":18,"featured_media":0,"parent":0,"menu_order":0,"comment_status":"closed","ping_status":"closed","template":"","meta":[],"acf":[],"_links":{"self":[{"href":"https:\/\/enscolon-ers.infd.edu.ar\/sitio\/wp-json\/wp\/v2\/pages\/1192"}],"collection":[{"href":"https:\/\/enscolon-ers.infd.edu.ar\/sitio\/wp-json\/wp\/v2\/pages"}],"about":[{"href":"https:\/\/enscolon-ers.infd.edu.ar\/sitio\/wp-json\/wp\/v2\/types\/page"}],"author":[{"embeddable":true,"href":"https:\/\/enscolon-ers.infd.edu.ar\/sitio\/wp-json\/wp\/v2\/users\/18"}],"replies":[{"embeddable":true,"href":"https:\/\/enscolon-ers.infd.edu.ar\/sitio\/wp-json\/wp\/v2\/comments?post=1192"}],"version-history":[{"count":3,"href":"https:\/\/enscolon-ers.infd.edu.ar\/sitio\/wp-json\/wp\/v2\/pages\/1192\/revisions"}],"predecessor-version":[{"id":1219,"href":"https:\/\/enscolon-ers.infd.edu.ar\/sitio\/wp-json\/wp\/v2\/pages\/1192\/revisions\/1219"}],"wp:attachment":[{"href":"https:\/\/enscolon-ers.infd.edu.ar\/sitio\/wp-json\/wp\/v2\/media?parent=1192"}],"curies":[{"name":"wp","href":"https:\/\/api.w.org\/{rel}","templated":true}]}}